{"id":972,"date":"2020-10-05T16:39:00","date_gmt":"2020-10-05T16:39:00","guid":{"rendered":"https:\/\/www.meblewip.pl\/?page_id=972"},"modified":"2020-10-05T16:42:52","modified_gmt":"2020-10-05T16:42:52","slug":"rodo","status":"publish","type":"page","link":"https:\/\/www.meblewip.pl\/index.php\/rodo\/","title":{"rendered":"RODO"},"content":{"rendered":"<div data-colibri-id=\"972-c1\" class=\"style-577 style-local-972-c1 position-relative\">\n  <!---->\n  <div data-colibri-component=\"section\" data-colibri-id=\"972-c2\" id=\"custom\" class=\"h-section h-section-global-spacing d-flex align-items-lg-center align-items-md-center align-items-center style-578 style-local-972-c2 position-relative\">\n    <!---->\n    <!---->\n    <div class=\"h-section-grid-container h-section-boxed-container\">\n      <!---->\n      <div data-colibri-id=\"972-c3\" class=\"h-row-container gutters-row-lg-2 gutters-row-md-2 gutters-row-0 gutters-row-v-lg-2 gutters-row-v-md-2 gutters-row-v-2 style-579 style-local-972-c3 position-relative\">\n        <!---->\n        <div class=\"h-row justify-content-lg-center justify-content-md-center justify-content-center align-items-lg-stretch align-items-md-stretch align-items-stretch gutters-col-lg-2 gutters-col-md-2 gutters-col-0 gutters-col-v-lg-2 gutters-col-v-md-2 gutters-col-v-2\">\n          <!---->\n          <div class=\"h-column h-column-container d-flex h-col-lg-auto h-col-md-auto h-col-auto style-580-outer style-local-972-c4-outer\">\n            <div data-colibri-id=\"972-c4\" class=\"d-flex h-flex-basis h-column__inner h-px-lg-2 h-px-md-2 h-px-2 v-inner-lg-2 v-inner-md-2 v-inner-2 style-580 style-local-972-c4 position-relative\">\n              <!---->\n              <!---->\n              <div class=\"w-100 h-y-container h-column__content h-column__v-align flex-basis-100 align-self-lg-start align-self-md-start align-self-start\">\n                <!---->\n                <div data-colibri-id=\"972-c5\" class=\"h-text h-text-component style-581 style-local-972-c5 position-relative h-element\">\n                  <!---->\n                  <!---->\n                  <div class=\"\">\n                    <p>Zgodnie z wydanym przez Parlament Europejski i Rad\u0119 UE rozporz\u0105dzeniem dotycz\u0105cym ochrony os\u00f3b fizycznych w zwi\u0105zku z przetwarzaniem danych osobowych i w sprawie swobodnego przep\u0142ywu takich danych (RODO), informujemy:<\/p>\n                    <p><strong style=\"font-family: IBM Plex Sans, sans-serif;\">Kto jest administratorem danych osobowych?<\/strong>Administratorem danych osobowych jest firma: Meble WiP, 97-540 Gidle, Stanis\u0142awice 11\n                      <br>\n                    <\/p>\n                    <p><strong style=\"font-family: IBM Plex Sans, sans-serif;\">Jak mo\u017cna si\u0119 z nami skontaktowa\u0107?<\/strong>Skontaktowa\u0107 si\u0119 z nami mo\u017cna za pomoc\u0105 adresu e-mail: meblewip@gmail.com lub telefonicznie pod nr 501 970 781<\/p>\n                    <p><strong style=\"font-family: IBM Plex Sans, sans-serif;\">Jaki jest cel przetwarzania moich danych osobowych i ich podstawa prawna?<\/strong>Pa\u0144stwa dane s\u0105 przetwarzane w celach marketingowych oraz w celu realizacji zam\u00f3wie\u0144 dokonanych\n                      w naszym sklepie oraz do wyra\u017cania opinii o naszych us\u0142ugach.<\/p>\n                    <p><strong style=\"font-family: IBM Plex Sans, sans-serif;\">Jakie dane przetwarzamy?<\/strong>Przetwarzamy tw\u00f3j numer IP, informacje o przegl\u0105darce i systemie komputerowym i adres e-mail. Ponadto je\u015bli kt\u00f3re\u015b z poni\u017cszych danych nam poda\u0142e\u015b,\n                      to mo\u017cemy tak\u017ce przetwarza\u0107 imi\u0119 i nazwisko, nr telefonu, e-mail, dane adresowe.<\/p>\n                    <p>&nbsp;<strong style=\"font-family: IBM Plex Sans, sans-serif;\">Komu powierzamy przetwarzanie twoich danych osobowych?<\/strong>Twoje dane osobowe powierzyli\u015bmy naszym partnerom technologicznym czyli podmiotom kt\u00f3re \u015bwiadcz\u0105 dla nas us\u0142ugi\n                      takie jak hosting. Ponadto powierzamy twoje dane partnerom, kt\u00f3rzy wspomagaj\u0105 nas w procesie realizacji zam\u00f3wie\u0144 jak firmy spedycyjne.<\/p>\n                    <p>&nbsp;<strong style=\"font-family: IBM Plex Sans, sans-serif;\">Czy przekazujemy twoje dane do pa\u0144stwa trzeciego?<\/strong>Nie przekazujemy Pa\u0144stwa danych poza granice kraju.<\/p>\n                    <p>&nbsp;<strong style=\"font-family: IBM Plex Sans, sans-serif;\">Jak d\u0142ugo przechowujemy twoje dane osobowe?<\/strong>Twoje Dane osobowe b\u0119d\u0105 przechowywane do momentu skorzystania przez Ciebie z praw wymienionych poni\u017cej w akapicie \u201eJakie\n                      przys\u0142uguj\u0105 mi prawa\u201d w zakresie w kt\u00f3rym ich realizacja prowadzi do zaprzestania przetwarzania danych osobowych przez firm\u0119 Meble WiP, w tym przede wszystkim prawa do wycofania zgody oraz prawa do wniesienia sprzeciwu na przetwarzanie\n                      danych na potrzeby marketingu bezpo\u015bredniego.<\/p>\n                    <p>&nbsp;<strong style=\"font-family: IBM Plex Sans, sans-serif;\">Jakie przys\u0142uguj\u0105 Pa\u0144stwu prawa?<\/strong>\n                      <br>a) prawo dost\u0119pu do swoich danych oraz otrzymania ich kopii;\n                      <br>b) prawo do sprostowania (poprawiania) swoich danych;\n                      <br>c) prawo do usuni\u0119cia danych;\n                      <br>d) prawo do ograniczenia przetwarzania danych:\n                      <br>Mog\u0105 Pa\u0144stwo za\u017c\u0105da\u0107, aby\u015bmy ograniczyli przetwarzanie Twoich danych osobowych wy\u0142\u0105cznie do ich przechowywania lub wykonywania uzgodnionych z Pa\u0144stwem dzia\u0142a\u0144, je\u017celi mamy nieprawid\u0142owe dane na Pa\u0144stwa temat lub przetwarzamy je bezpodstawnie;\n                      lub nie chcesz, \u017ceby\u015bmy je usun\u0119li, bo s\u0105 Ci potrzebne do ustalenia, dochodzenia lub obrony roszcze\u0144; lub na czas wniesionego przez Ciebie sprzeciwu wzgl\u0119dem przetwarzania danych;\n                      <br>e) prawo do wniesienia sprzeciwu wobec przetwarzania danych: masz prawo sprzeciwu wobec przetwarzania Twoich danych w celu prowadzenia marketingu bezpo\u015bredniego. Je\u017celi skorzystasz z tego prawa \u2013 zaprzestaniemy przetwarzania danych\n                      w tym celu;\n                      <br>f) prawo do przenoszenia danych: masz prawo otrzyma\u0107 od nas w ustrukturyzowanym, powszechnie u\u017cywanym formacie nadaj\u0105cym si\u0119 do odczytu maszynowego dane osobowe dotycz\u0105ce Ciebie. Mo\u017cesz te\u017c zleci\u0107 nam przes\u0142anie tych danych bezpo\u015brednio\n                      innemu administratorowi;g) prawo do wniesienia skargi do organu nadzorczego: je\u017celi uwa\u017casz, \u017ce przetwarzamy Twoje dane niezgodnie z prawem, mo\u017cesz z\u0142o\u017cy\u0107 w tej sprawie skarg\u0119 do Prezesa Urz\u0119du Ochrony Danych Osobowych lub innego\n                      w\u0142a\u015bciwego organu nadzorczego;\n                      <br>h) prawo do cofni\u0119cia zgody na przetwarzanie danych osobowych:W celu wykonania swoich praw skieruj \u017c\u0105danie pod adres email: meblewip@gmail.com l lub listownie na adres zak\u0142adu.<\/p>\n                    <p>\n                      <br><strong style=\"font-family: IBM Plex Sans, sans-serif;\">Stosowanie plik\u00f3w cookies i innych technologii<\/strong>W naszym sklepie stosujemy pliki cookies (tzw. ciasteczka) i inne pokrewne technologie, kt\u00f3re maj\u0105 na celu:- Zapewnienie\n                      bezpiecze\u0144stwa podczas korzystania z naszych stron- Ulepszenie \u015bwiadczonych przez nas us\u0142ug poprzez wykorzystanie danych w celach analitycznych i statystycznych- Poznanie Twoich preferencji na podstawie sposobu korzystania z naszych\n                      serwis\u00f3wZakres wykorzystywania plik\u00f3w cookies mo\u017cesz okre\u015bli\u0107 w ustawieniach Twojej przegl\u0105darki. Bez wprowadzenia zmian ustawie\u0144, informacje w plikach cookies mog\u0105 by\u0107 zapisywane w pami\u0119ci Twojego urz\u0105dzenia.<\/p>\n                    <p>\n                      <br>\n                    <\/p>\n                  <\/div>\n                <\/div>\n              <\/div>\n            <\/div>\n          <\/div>\n        <\/div>\n      <\/div>\n    <\/div>\n  <\/div>\n<\/div>","protected":false},"excerpt":{"rendered":"<p>Zgodnie z wydanym przez Parlament Europejski i Rad\u0119 UE rozporz\u0105dzeniem dotycz\u0105cym ochrony os\u00f3b fizycznych w zwi\u0105zku z przetwarzaniem danych osobowych i w sprawie swobodnego przep\u0142ywu takich danych (RODO), informujemy: Kto jest administratorem danych osobowych?Administratorem danych osobowych jest firma: Meble WiP, 97-540 Gidle, Stanis\u0142awice 11 Jak mo\u017cna si\u0119 z nami skontaktowa\u0107?Skontaktowa\u0107 si\u0119 z nami mo\u017cna za [&hellip;]<\/p>\n","protected":false},"author":1,"featured_media":0,"parent":0,"menu_order":0,"comment_status":"closed","ping_status":"closed","template":"page-templates\/full-width-page.php","meta":{"footnotes":""},"class_list":["post-972","page","type-page","status-publish","hentry"],"yoast_head":"<!-- This site is optimized with the Yoast SEO plugin v26.8 - https:\/\/yoast.com\/product\/yoast-seo-wordpress\/ -->\n<title>RODO - Meble WiP<\/title>\n<meta name=\"robots\" content=\"index, follow, max-snippet:-1, max-image-preview:large, max-video-preview:-1\" \/>\n<link rel=\"canonical\" href=\"https:\/\/www.meblewip.pl\/index.php\/rodo\/\" \/>\n<meta property=\"og:locale\" content=\"pl_PL\" \/>\n<meta property=\"og:type\" content=\"article\" \/>\n<meta property=\"og:title\" content=\"RODO - Meble WiP\" \/>\n<meta property=\"og:description\" content=\"Zgodnie z wydanym przez Parlament Europejski i Rad\u0119 UE rozporz\u0105dzeniem dotycz\u0105cym ochrony os\u00f3b fizycznych w zwi\u0105zku z przetwarzaniem danych osobowych i w sprawie swobodnego przep\u0142ywu takich danych (RODO), informujemy: Kto jest administratorem danych osobowych?Administratorem danych osobowych jest firma: Meble WiP, 97-540 Gidle, Stanis\u0142awice 11 Jak mo\u017cna si\u0119 z nami skontaktowa\u0107?Skontaktowa\u0107 si\u0119 z nami mo\u017cna za [&hellip;]\" \/>\n<meta property=\"og:url\" content=\"https:\/\/www.meblewip.pl\/index.php\/rodo\/\" \/>\n<meta property=\"og:site_name\" content=\"Meble WiP\" \/>\n<meta property=\"article:publisher\" content=\"https:\/\/www.facebook.com\/MebleWiP\" \/>\n<meta property=\"article:modified_time\" content=\"2020-10-05T16:42:52+00:00\" \/>\n<meta name=\"twitter:card\" content=\"summary_large_image\" \/>\n<meta name=\"twitter:label1\" content=\"Szacowany czas czytania\" \/>\n\t<meta name=\"twitter:data1\" content=\"3 minuty\" \/>\n<script type=\"application\/ld+json\" class=\"yoast-schema-graph\">{\"@context\":\"https:\/\/schema.org\",\"@graph\":[{\"@type\":\"WebPage\",\"@id\":\"https:\/\/www.meblewip.pl\/index.php\/rodo\/\",\"url\":\"https:\/\/www.meblewip.pl\/index.php\/rodo\/\",\"name\":\"RODO - Meble WiP\",\"isPartOf\":{\"@id\":\"https:\/\/www.meblewip.pl\/#website\"},\"datePublished\":\"2020-10-05T16:39:00+00:00\",\"dateModified\":\"2020-10-05T16:42:52+00:00\",\"breadcrumb\":{\"@id\":\"https:\/\/www.meblewip.pl\/index.php\/rodo\/#breadcrumb\"},\"inLanguage\":\"pl-PL\",\"potentialAction\":[{\"@type\":\"ReadAction\",\"target\":[\"https:\/\/www.meblewip.pl\/index.php\/rodo\/\"]}]},{\"@type\":\"BreadcrumbList\",\"@id\":\"https:\/\/www.meblewip.pl\/index.php\/rodo\/#breadcrumb\",\"itemListElement\":[{\"@type\":\"ListItem\",\"position\":1,\"name\":\"Strona g\u0142\u00f3wna\",\"item\":\"https:\/\/www.meblewip.pl\/\"},{\"@type\":\"ListItem\",\"position\":2,\"name\":\"RODO\"}]},{\"@type\":\"WebSite\",\"@id\":\"https:\/\/www.meblewip.pl\/#website\",\"url\":\"https:\/\/www.meblewip.pl\/\",\"name\":\"Meble WiP - Meble na wymiar\",\"description\":\"Meble na wymiar\",\"publisher\":{\"@id\":\"https:\/\/www.meblewip.pl\/#organization\"},\"potentialAction\":[{\"@type\":\"SearchAction\",\"target\":{\"@type\":\"EntryPoint\",\"urlTemplate\":\"https:\/\/www.meblewip.pl\/?s={search_term_string}\"},\"query-input\":{\"@type\":\"PropertyValueSpecification\",\"valueRequired\":true,\"valueName\":\"search_term_string\"}}],\"inLanguage\":\"pl-PL\"},{\"@type\":\"Organization\",\"@id\":\"https:\/\/www.meblewip.pl\/#organization\",\"name\":\"Meble WiP\",\"url\":\"https:\/\/www.meblewip.pl\/\",\"logo\":{\"@type\":\"ImageObject\",\"inLanguage\":\"pl-PL\",\"@id\":\"https:\/\/www.meblewip.pl\/#\/schema\/logo\/image\/\",\"url\":\"https:\/\/www.meblewip.pl\/wp-content\/uploads\/2020\/09\/cropped-logopng-2.png\",\"contentUrl\":\"https:\/\/www.meblewip.pl\/wp-content\/uploads\/2020\/09\/cropped-logopng-2.png\",\"width\":6933,\"height\":6031,\"caption\":\"Meble WiP\"},\"image\":{\"@id\":\"https:\/\/www.meblewip.pl\/#\/schema\/logo\/image\/\"},\"sameAs\":[\"https:\/\/www.facebook.com\/MebleWiP\"]}]}<\/script>\n<!-- \/ Yoast SEO plugin. -->","yoast_head_json":{"title":"RODO - Meble WiP","robots":{"index":"index","follow":"follow","max-snippet":"max-snippet:-1","max-image-preview":"max-image-preview:large","max-video-preview":"max-video-preview:-1"},"canonical":"https:\/\/www.meblewip.pl\/index.php\/rodo\/","og_locale":"pl_PL","og_type":"article","og_title":"RODO - Meble WiP","og_description":"Zgodnie z wydanym przez Parlament Europejski i Rad\u0119 UE rozporz\u0105dzeniem dotycz\u0105cym ochrony os\u00f3b fizycznych w zwi\u0105zku z przetwarzaniem danych osobowych i w sprawie swobodnego przep\u0142ywu takich danych (RODO), informujemy: Kto jest administratorem danych osobowych?Administratorem danych osobowych jest firma: Meble WiP, 97-540 Gidle, Stanis\u0142awice 11 Jak mo\u017cna si\u0119 z nami skontaktowa\u0107?Skontaktowa\u0107 si\u0119 z nami mo\u017cna za [&hellip;]","og_url":"https:\/\/www.meblewip.pl\/index.php\/rodo\/","og_site_name":"Meble WiP","article_publisher":"https:\/\/www.facebook.com\/MebleWiP","article_modified_time":"2020-10-05T16:42:52+00:00","twitter_card":"summary_large_image","twitter_misc":{"Szacowany czas czytania":"3 minuty"},"schema":{"@context":"https:\/\/schema.org","@graph":[{"@type":"WebPage","@id":"https:\/\/www.meblewip.pl\/index.php\/rodo\/","url":"https:\/\/www.meblewip.pl\/index.php\/rodo\/","name":"RODO - Meble WiP","isPartOf":{"@id":"https:\/\/www.meblewip.pl\/#website"},"datePublished":"2020-10-05T16:39:00+00:00","dateModified":"2020-10-05T16:42:52+00:00","breadcrumb":{"@id":"https:\/\/www.meblewip.pl\/index.php\/rodo\/#breadcrumb"},"inLanguage":"pl-PL","potentialAction":[{"@type":"ReadAction","target":["https:\/\/www.meblewip.pl\/index.php\/rodo\/"]}]},{"@type":"BreadcrumbList","@id":"https:\/\/www.meblewip.pl\/index.php\/rodo\/#breadcrumb","itemListElement":[{"@type":"ListItem","position":1,"name":"Strona g\u0142\u00f3wna","item":"https:\/\/www.meblewip.pl\/"},{"@type":"ListItem","position":2,"name":"RODO"}]},{"@type":"WebSite","@id":"https:\/\/www.meblewip.pl\/#website","url":"https:\/\/www.meblewip.pl\/","name":"Meble WiP - Meble na wymiar","description":"Meble na wymiar","publisher":{"@id":"https:\/\/www.meblewip.pl\/#organization"},"potentialAction":[{"@type":"SearchAction","target":{"@type":"EntryPoint","urlTemplate":"https:\/\/www.meblewip.pl\/?s={search_term_string}"},"query-input":{"@type":"PropertyValueSpecification","valueRequired":true,"valueName":"search_term_string"}}],"inLanguage":"pl-PL"},{"@type":"Organization","@id":"https:\/\/www.meblewip.pl\/#organization","name":"Meble WiP","url":"https:\/\/www.meblewip.pl\/","logo":{"@type":"ImageObject","inLanguage":"pl-PL","@id":"https:\/\/www.meblewip.pl\/#\/schema\/logo\/image\/","url":"https:\/\/www.meblewip.pl\/wp-content\/uploads\/2020\/09\/cropped-logopng-2.png","contentUrl":"https:\/\/www.meblewip.pl\/wp-content\/uploads\/2020\/09\/cropped-logopng-2.png","width":6933,"height":6031,"caption":"Meble WiP"},"image":{"@id":"https:\/\/www.meblewip.pl\/#\/schema\/logo\/image\/"},"sameAs":["https:\/\/www.facebook.com\/MebleWiP"]}]}},"_links":{"self":[{"href":"https:\/\/www.meblewip.pl\/index.php\/wp-json\/wp\/v2\/pages\/972","targetHints":{"allow":["GET"]}}],"collection":[{"href":"https:\/\/www.meblewip.pl\/index.php\/wp-json\/wp\/v2\/pages"}],"about":[{"href":"https:\/\/www.meblewip.pl\/index.php\/wp-json\/wp\/v2\/types\/page"}],"author":[{"embeddable":true,"href":"https:\/\/www.meblewip.pl\/index.php\/wp-json\/wp\/v2\/users\/1"}],"replies":[{"embeddable":true,"href":"https:\/\/www.meblewip.pl\/index.php\/wp-json\/wp\/v2\/comments?post=972"}],"version-history":[{"count":3,"href":"https:\/\/www.meblewip.pl\/index.php\/wp-json\/wp\/v2\/pages\/972\/revisions"}],"predecessor-version":[{"id":985,"href":"https:\/\/www.meblewip.pl\/index.php\/wp-json\/wp\/v2\/pages\/972\/revisions\/985"}],"wp:attachment":[{"href":"https:\/\/www.meblewip.pl\/index.php\/wp-json\/wp\/v2\/media?parent=972"}],"curies":[{"name":"wp","href":"https:\/\/api.w.org\/{rel}","templated":true}]}}