{"id":1572,"date":"2020-11-08T14:26:01","date_gmt":"2020-11-08T14:26:01","guid":{"rendered":"https:\/\/www.meblewip.pl\/?page_id=1572"},"modified":"2020-11-15T21:33:33","modified_gmt":"2020-11-15T21:33:33","slug":"garderoby","status":"publish","type":"page","link":"https:\/\/www.meblewip.pl\/index.php\/garderoby\/","title":{"rendered":"Garderoby"},"content":{"rendered":"<div data-colibri-id=\"1572-c1\" class=\"style-1123 style-local-1572-c1 position-relative\">\n  <!---->\n  <div data-colibri-component=\"section\" data-colibri-id=\"1572-c2\" id=\"photo-gallery\" class=\"h-section h-section-global-spacing d-flex align-items-lg-center align-items-md-center align-items-center style-1124 style-local-1572-c2 position-relative\">\n    <!---->\n    <!---->\n    <div class=\"h-section-grid-container h-section-boxed-container\">\n      <div data-colibri-id=\"1572-c6\" class=\"h-row-container gutters-row-lg-2 gutters-row-md-2 gutters-row-2 gutters-row-v-lg-2 gutters-row-v-md-2 gutters-row-v-2 style-1128 style-local-1572-c6 position-relative\">\n        <!---->\n        <div class=\"h-row justify-content-lg-center justify-content-md-center justify-content-center align-items-lg-stretch align-items-md-stretch align-items-stretch gutters-col-lg-2 gutters-col-md-2 gutters-col-2 gutters-col-v-lg-2 gutters-col-v-md-2 gutters-col-v-2\">\n          <!---->\n          <div class=\"h-column h-column-container d-flex h-col-lg-auto h-col-md-auto h-col-auto style-1129-outer style-local-1572-c7-outer\">\n            <div data-colibri-id=\"1572-c7\" class=\"d-flex h-flex-basis h-column__inner h-px-lg-2 h-px-md-2 h-px-2 v-inner-lg-2 v-inner-md-2 v-inner-2 style-1129 style-local-1572-c7 position-relative\">\n              <!---->\n              <!---->\n              <div class=\"w-100 h-y-container h-column__content h-column__v-align flex-basis-100 align-self-lg-start align-self-md-start align-self-start\">\n                <!---->\n                <div data-colibri-id=\"1572-c8\" class=\"h-lead h-text h-text-component style-1131 style-local-1572-c8 position-relative h-element\">\n                  <!---->\n                  <!---->\n                  <div class=\"\">\n                    <p>Szeroki wyb\u00f3r p\u00f3\u0142ek, szuflad, dr\u0105\u017ck\u00f3w oraz akcesori\u00f3w meblowych.\n                      <br>\n                    <\/p>\n                  <\/div>\n                <\/div>\n              <\/div>\n            <\/div>\n          <\/div>\n        <\/div>\n      <\/div>\n      <div data-colibri-id=\"1572-c3\" class=\"h-row-container gutters-row-lg-2 gutters-row-md-2 gutters-row-2 gutters-row-v-lg-2 gutters-row-v-md-2 gutters-row-v-2 style-1125 style-local-1572-c3 position-relative\">\n        <!---->\n        <div class=\"h-row justify-content-lg-center justify-content-md-center justify-content-center align-items-lg-stretch align-items-md-stretch align-items-stretch gutters-col-lg-2 gutters-col-md-2 gutters-col-2 gutters-col-v-lg-2 gutters-col-v-md-2 gutters-col-v-2\">\n          <!---->\n          <div class=\"h-column h-column-container d-flex h-col-lg-auto h-col-md-auto h-col-auto style-1126-outer style-local-1572-c4-outer\">\n            <div data-colibri-id=\"1572-c4\" class=\"d-flex h-flex-basis h-column__inner h-px-lg-2 h-px-md-2 h-px-2 v-inner-lg-2 v-inner-md-2 v-inner-2 style-1126 style-local-1572-c4 position-relative\">\n              <!---->\n              <!---->\n              <div class=\"w-100 h-y-container h-column__content h-column__v-align flex-basis-100 align-self-lg-start align-self-md-start align-self-start\">\n                <!---->\n                <div data-colibri-component=\"masonry\" data-colibri-id=\"1572-c5\" class=\"h-photo-gallery margin-none caption-none style-1127 style-local-1572-c5 position-relative h-element\">\n                  <!---->\n                  <div class=\"h-global-transition-all caption-wrapper-full\"><div id='colibri-1572-c5' class='gallery-wrapper'>    <style type=\"text\/css\">\n\n        @media (min-width: 1023px) {        #colibri-1572-c5        dl {\n            float: left;\n            width: 33.333333333333% !important;\n            max-width: 33.333333333333% !important;\n            min-width: 33.333333333333% !important;\n        }\n\n        #colibri-1572-c5        dl:nth-of-type(3n +1 ) {\n            clear: both;\n        }\n\n        }@media (min-width: 768px) and (max-width: 1023px) {        #colibri-1572-c5        dl {\n            float: left;\n            width: 33.333333333333% !important;\n            max-width: 33.333333333333% !important;\n            min-width: 33.333333333333% !important;\n        }\n\n        #colibri-1572-c5        dl:nth-of-type(3n +1 ) {\n            clear: both;\n        }\n\n        }@media (max-width: 767px) {        #colibri-1572-c5        dl {\n            float: left;\n            width: 50% !important;\n            max-width: 50% !important;\n            min-width: 50% !important;\n        }\n\n        #colibri-1572-c5        dl:nth-of-type(2n +1 ) {\n            clear: both;\n        }\n\n        }\n        #colibri-1572-c5        .gallery-item {\n            position: relative;\n        }\n\n        \n    <\/style>\n    <div   class='colibri-1572-c5-dls-wrapper gallery-items-wrapper' ><dl class='gallery-item masonry-item'>\n\t\t\t<dt class='gallery-icon portrait'>\n\t\t\t\t<a data-fancybox=\"colibri-1572-c5-group\" href='https:\/\/www.meblewip.pl\/wp-content\/uploads\/2020\/11\/120948320_808144219932310_6887122954603158072_n.jpg'><img loading=\"lazy\" decoding=\"async\"  width=\"768\" height=\"1024\" src=\"https:\/\/www.meblewip.pl\/wp-content\/uploads\/2020\/11\/120948320_808144219932310_6887122954603158072_n-768x1024.jpg\"  class='colibri-1572-c5-image' alt=\"\" srcset=\"https:\/\/www.meblewip.pl\/wp-content\/uploads\/2020\/11\/120948320_808144219932310_6887122954603158072_n-768x1024.jpg 768w, https:\/\/www.meblewip.pl\/wp-content\/uploads\/2020\/11\/120948320_808144219932310_6887122954603158072_n-225x300.jpg 225w, https:\/\/www.meblewip.pl\/wp-content\/uploads\/2020\/11\/120948320_808144219932310_6887122954603158072_n-1152x1536.jpg 1152w, https:\/\/www.meblewip.pl\/wp-content\/uploads\/2020\/11\/120948320_808144219932310_6887122954603158072_n.jpg 1536w\" sizes=\"auto, (max-width: 768px) 100vw, 768px\" \/><\/a>\n\t\t\t<\/dt><\/dl><dl class='gallery-item masonry-item'>\n\t\t\t<dt class='gallery-icon landscape'>\n\t\t\t\t<a data-fancybox=\"colibri-1572-c5-group\" href='https:\/\/www.meblewip.pl\/wp-content\/uploads\/2020\/11\/120997527_2819189468315700_7686090598918283249_n.jpg'><img loading=\"lazy\" decoding=\"async\"  width=\"1024\" height=\"768\" src=\"https:\/\/www.meblewip.pl\/wp-content\/uploads\/2020\/11\/120997527_2819189468315700_7686090598918283249_n-1024x768.jpg\"  class='colibri-1572-c5-image' alt=\"\" srcset=\"https:\/\/www.meblewip.pl\/wp-content\/uploads\/2020\/11\/120997527_2819189468315700_7686090598918283249_n-1024x768.jpg 1024w, https:\/\/www.meblewip.pl\/wp-content\/uploads\/2020\/11\/120997527_2819189468315700_7686090598918283249_n-300x225.jpg 300w, https:\/\/www.meblewip.pl\/wp-content\/uploads\/2020\/11\/120997527_2819189468315700_7686090598918283249_n-768x576.jpg 768w, https:\/\/www.meblewip.pl\/wp-content\/uploads\/2020\/11\/120997527_2819189468315700_7686090598918283249_n-1536x1152.jpg 1536w, https:\/\/www.meblewip.pl\/wp-content\/uploads\/2020\/11\/120997527_2819189468315700_7686090598918283249_n.jpg 2048w\" sizes=\"auto, (max-width: 1024px) 100vw, 1024px\" \/><\/a>\n\t\t\t<\/dt><\/dl><dl class='gallery-item masonry-item'>\n\t\t\t<dt class='gallery-icon landscape'>\n\t\t\t\t<a data-fancybox=\"colibri-1572-c5-group\" href='https:\/\/www.meblewip.pl\/wp-content\/uploads\/2020\/11\/120953140_416909432629238_6386016585110098944_n.jpg'><img loading=\"lazy\" decoding=\"async\"  width=\"1024\" height=\"768\" src=\"https:\/\/www.meblewip.pl\/wp-content\/uploads\/2020\/11\/120953140_416909432629238_6386016585110098944_n-1024x768.jpg\"  class='colibri-1572-c5-image' alt=\"\" srcset=\"https:\/\/www.meblewip.pl\/wp-content\/uploads\/2020\/11\/120953140_416909432629238_6386016585110098944_n-1024x768.jpg 1024w, https:\/\/www.meblewip.pl\/wp-content\/uploads\/2020\/11\/120953140_416909432629238_6386016585110098944_n-300x225.jpg 300w, https:\/\/www.meblewip.pl\/wp-content\/uploads\/2020\/11\/120953140_416909432629238_6386016585110098944_n-768x576.jpg 768w, https:\/\/www.meblewip.pl\/wp-content\/uploads\/2020\/11\/120953140_416909432629238_6386016585110098944_n-1536x1152.jpg 1536w, https:\/\/www.meblewip.pl\/wp-content\/uploads\/2020\/11\/120953140_416909432629238_6386016585110098944_n.jpg 2048w\" sizes=\"auto, (max-width: 1024px) 100vw, 1024px\" \/><\/a>\n\t\t\t<\/dt><\/dl><dl class='gallery-item masonry-item'>\n\t\t\t<dt class='gallery-icon landscape'>\n\t\t\t\t<a data-fancybox=\"colibri-1572-c5-group\" href='https:\/\/www.meblewip.pl\/wp-content\/uploads\/2020\/11\/120975849_2569306126662505_7760039937127359962_n.jpg'><img loading=\"lazy\" decoding=\"async\"  width=\"1024\" height=\"768\" src=\"https:\/\/www.meblewip.pl\/wp-content\/uploads\/2020\/11\/120975849_2569306126662505_7760039937127359962_n-1024x768.jpg\"  class='colibri-1572-c5-image' alt=\"\" srcset=\"https:\/\/www.meblewip.pl\/wp-content\/uploads\/2020\/11\/120975849_2569306126662505_7760039937127359962_n-1024x768.jpg 1024w, https:\/\/www.meblewip.pl\/wp-content\/uploads\/2020\/11\/120975849_2569306126662505_7760039937127359962_n-300x225.jpg 300w, https:\/\/www.meblewip.pl\/wp-content\/uploads\/2020\/11\/120975849_2569306126662505_7760039937127359962_n-768x576.jpg 768w, https:\/\/www.meblewip.pl\/wp-content\/uploads\/2020\/11\/120975849_2569306126662505_7760039937127359962_n-1536x1152.jpg 1536w, https:\/\/www.meblewip.pl\/wp-content\/uploads\/2020\/11\/120975849_2569306126662505_7760039937127359962_n.jpg 2048w\" sizes=\"auto, (max-width: 1024px) 100vw, 1024px\" \/><\/a>\n\t\t\t<\/dt><\/dl><dl class='gallery-item masonry-item'>\n\t\t\t<dt class='gallery-icon portrait'>\n\t\t\t\t<a data-fancybox=\"colibri-1572-c5-group\" href='https:\/\/www.meblewip.pl\/wp-content\/uploads\/2020\/11\/IMG_20200607_115038-scaled.jpg'><img loading=\"lazy\" decoding=\"async\"  width=\"768\" height=\"1024\" src=\"https:\/\/www.meblewip.pl\/wp-content\/uploads\/2020\/11\/IMG_20200607_115038-768x1024.jpg\"  class='colibri-1572-c5-image' alt=\"\" srcset=\"https:\/\/www.meblewip.pl\/wp-content\/uploads\/2020\/11\/IMG_20200607_115038-768x1024.jpg 768w, https:\/\/www.meblewip.pl\/wp-content\/uploads\/2020\/11\/IMG_20200607_115038-225x300.jpg 225w, https:\/\/www.meblewip.pl\/wp-content\/uploads\/2020\/11\/IMG_20200607_115038-1152x1536.jpg 1152w, https:\/\/www.meblewip.pl\/wp-content\/uploads\/2020\/11\/IMG_20200607_115038-1536x2048.jpg 1536w, https:\/\/www.meblewip.pl\/wp-content\/uploads\/2020\/11\/IMG_20200607_115038-scaled.jpg 1920w\" sizes=\"auto, (max-width: 768px) 100vw, 768px\" \/><\/a>\n\t\t\t<\/dt><\/dl><dl class='gallery-item masonry-item'>\n\t\t\t<dt class='gallery-icon portrait'>\n\t\t\t\t<a data-fancybox=\"colibri-1572-c5-group\" href='https:\/\/www.meblewip.pl\/wp-content\/uploads\/2020\/11\/IMG_20200606_152129-scaled.jpg'><img loading=\"lazy\" decoding=\"async\"  width=\"768\" height=\"1024\" src=\"https:\/\/www.meblewip.pl\/wp-content\/uploads\/2020\/11\/IMG_20200606_152129-768x1024.jpg\"  class='colibri-1572-c5-image' alt=\"\" srcset=\"https:\/\/www.meblewip.pl\/wp-content\/uploads\/2020\/11\/IMG_20200606_152129-768x1024.jpg 768w, https:\/\/www.meblewip.pl\/wp-content\/uploads\/2020\/11\/IMG_20200606_152129-225x300.jpg 225w, https:\/\/www.meblewip.pl\/wp-content\/uploads\/2020\/11\/IMG_20200606_152129-1152x1536.jpg 1152w, https:\/\/www.meblewip.pl\/wp-content\/uploads\/2020\/11\/IMG_20200606_152129-1536x2048.jpg 1536w, https:\/\/www.meblewip.pl\/wp-content\/uploads\/2020\/11\/IMG_20200606_152129-scaled.jpg 1920w\" sizes=\"auto, (max-width: 768px) 100vw, 768px\" \/><\/a>\n\t\t\t<\/dt><\/dl><dl class='gallery-item masonry-item'>\n\t\t\t<dt class='gallery-icon portrait'>\n\t\t\t\t<a data-fancybox=\"colibri-1572-c5-group\" href='https:\/\/www.meblewip.pl\/wp-content\/uploads\/2020\/11\/120960770_959075784501982_5256319134295841730_n.jpg'><img loading=\"lazy\" decoding=\"async\"  width=\"768\" height=\"1024\" src=\"https:\/\/www.meblewip.pl\/wp-content\/uploads\/2020\/11\/120960770_959075784501982_5256319134295841730_n-768x1024.jpg\"  class='colibri-1572-c5-image' alt=\"\" srcset=\"https:\/\/www.meblewip.pl\/wp-content\/uploads\/2020\/11\/120960770_959075784501982_5256319134295841730_n-768x1024.jpg 768w, https:\/\/www.meblewip.pl\/wp-content\/uploads\/2020\/11\/120960770_959075784501982_5256319134295841730_n-225x300.jpg 225w, https:\/\/www.meblewip.pl\/wp-content\/uploads\/2020\/11\/120960770_959075784501982_5256319134295841730_n-1152x1536.jpg 1152w, https:\/\/www.meblewip.pl\/wp-content\/uploads\/2020\/11\/120960770_959075784501982_5256319134295841730_n.jpg 1536w\" sizes=\"auto, (max-width: 768px) 100vw, 768px\" \/><\/a>\n\t\t\t<\/dt><\/dl><dl class='gallery-item masonry-item'>\n\t\t\t<dt class='gallery-icon portrait'>\n\t\t\t\t<a data-fancybox=\"colibri-1572-c5-group\" href='https:\/\/www.meblewip.pl\/wp-content\/uploads\/2020\/11\/120965102_764266734118458_6095989678944708960_n.jpg'><img loading=\"lazy\" decoding=\"async\"  width=\"768\" height=\"1024\" src=\"https:\/\/www.meblewip.pl\/wp-content\/uploads\/2020\/11\/120965102_764266734118458_6095989678944708960_n-768x1024.jpg\"  class='colibri-1572-c5-image' alt=\"\" srcset=\"https:\/\/www.meblewip.pl\/wp-content\/uploads\/2020\/11\/120965102_764266734118458_6095989678944708960_n-768x1024.jpg 768w, https:\/\/www.meblewip.pl\/wp-content\/uploads\/2020\/11\/120965102_764266734118458_6095989678944708960_n-225x300.jpg 225w, https:\/\/www.meblewip.pl\/wp-content\/uploads\/2020\/11\/120965102_764266734118458_6095989678944708960_n-1152x1536.jpg 1152w, https:\/\/www.meblewip.pl\/wp-content\/uploads\/2020\/11\/120965102_764266734118458_6095989678944708960_n.jpg 1536w\" sizes=\"auto, (max-width: 768px) 100vw, 768px\" \/><\/a>\n\t\t\t<\/dt><\/dl><dl class='gallery-item masonry-item'>\n\t\t\t<dt class='gallery-icon portrait'>\n\t\t\t\t<a data-fancybox=\"colibri-1572-c5-group\" href='https:\/\/www.meblewip.pl\/wp-content\/uploads\/2020\/11\/IMG_20200607_115124-scaled.jpg'><img loading=\"lazy\" decoding=\"async\"  width=\"768\" height=\"1024\" src=\"https:\/\/www.meblewip.pl\/wp-content\/uploads\/2020\/11\/IMG_20200607_115124-768x1024.jpg\"  class='colibri-1572-c5-image' alt=\"\" srcset=\"https:\/\/www.meblewip.pl\/wp-content\/uploads\/2020\/11\/IMG_20200607_115124-768x1024.jpg 768w, https:\/\/www.meblewip.pl\/wp-content\/uploads\/2020\/11\/IMG_20200607_115124-225x300.jpg 225w, https:\/\/www.meblewip.pl\/wp-content\/uploads\/2020\/11\/IMG_20200607_115124-1152x1536.jpg 1152w, https:\/\/www.meblewip.pl\/wp-content\/uploads\/2020\/11\/IMG_20200607_115124-1536x2048.jpg 1536w, https:\/\/www.meblewip.pl\/wp-content\/uploads\/2020\/11\/IMG_20200607_115124-scaled.jpg 1920w\" sizes=\"auto, (max-width: 768px) 100vw, 768px\" \/><\/a>\n\t\t\t<\/dt><\/dl>\n\t\t\t\n\t\t<\/div>\n<style>#colibri-1572-c5 .wp-caption-text.gallery-caption{display:none;}<\/style><\/div><\/div>\n                <\/div>\n              <\/div>\n            <\/div>\n          <\/div>\n        <\/div>\n      <\/div>\n    <\/div>\n  <\/div>\n<\/div>","protected":false},"excerpt":{"rendered":"<p>Szeroki wyb\u00f3r p\u00f3\u0142ek, szuflad, dr\u0105\u017ck\u00f3w oraz akcesori\u00f3w meblowych.<\/p>\n","protected":false},"author":1,"featured_media":0,"parent":0,"menu_order":0,"comment_status":"closed","ping_status":"closed","template":"page-templates\/full-width-page.php","meta":{"footnotes":""},"class_list":["post-1572","page","type-page","status-publish","hentry"],"yoast_head":"<!-- This site is optimized with the Yoast SEO plugin v26.8 - https:\/\/yoast.com\/product\/yoast-seo-wordpress\/ -->\n<title>Garderoby - Meble WiP<\/title>\n<meta name=\"robots\" content=\"index, follow, max-snippet:-1, max-image-preview:large, max-video-preview:-1\" \/>\n<link rel=\"canonical\" href=\"https:\/\/www.meblewip.pl\/index.php\/garderoby\/\" \/>\n<meta property=\"og:locale\" content=\"pl_PL\" \/>\n<meta property=\"og:type\" content=\"article\" \/>\n<meta property=\"og:title\" content=\"Garderoby - Meble WiP\" \/>\n<meta property=\"og:description\" content=\"Szeroki wyb\u00f3r p\u00f3\u0142ek, szuflad, dr\u0105\u017ck\u00f3w oraz akcesori\u00f3w meblowych.\" \/>\n<meta property=\"og:url\" content=\"https:\/\/www.meblewip.pl\/index.php\/garderoby\/\" \/>\n<meta property=\"og:site_name\" content=\"Meble WiP\" \/>\n<meta property=\"article:publisher\" content=\"https:\/\/www.facebook.com\/MebleWiP\" \/>\n<meta property=\"article:modified_time\" content=\"2020-11-15T21:33:33+00:00\" \/>\n<meta name=\"twitter:card\" content=\"summary_large_image\" \/>\n<script type=\"application\/ld+json\" class=\"yoast-schema-graph\">{\"@context\":\"https:\/\/schema.org\",\"@graph\":[{\"@type\":\"WebPage\",\"@id\":\"https:\/\/www.meblewip.pl\/index.php\/garderoby\/\",\"url\":\"https:\/\/www.meblewip.pl\/index.php\/garderoby\/\",\"name\":\"Garderoby - Meble WiP\",\"isPartOf\":{\"@id\":\"https:\/\/www.meblewip.pl\/#website\"},\"datePublished\":\"2020-11-08T14:26:01+00:00\",\"dateModified\":\"2020-11-15T21:33:33+00:00\",\"breadcrumb\":{\"@id\":\"https:\/\/www.meblewip.pl\/index.php\/garderoby\/#breadcrumb\"},\"inLanguage\":\"pl-PL\",\"potentialAction\":[{\"@type\":\"ReadAction\",\"target\":[\"https:\/\/www.meblewip.pl\/index.php\/garderoby\/\"]}]},{\"@type\":\"BreadcrumbList\",\"@id\":\"https:\/\/www.meblewip.pl\/index.php\/garderoby\/#breadcrumb\",\"itemListElement\":[{\"@type\":\"ListItem\",\"position\":1,\"name\":\"Strona g\u0142\u00f3wna\",\"item\":\"https:\/\/www.meblewip.pl\/\"},{\"@type\":\"ListItem\",\"position\":2,\"name\":\"Garderoby\"}]},{\"@type\":\"WebSite\",\"@id\":\"https:\/\/www.meblewip.pl\/#website\",\"url\":\"https:\/\/www.meblewip.pl\/\",\"name\":\"Meble WiP - Meble na wymiar\",\"description\":\"Meble na wymiar\",\"publisher\":{\"@id\":\"https:\/\/www.meblewip.pl\/#organization\"},\"potentialAction\":[{\"@type\":\"SearchAction\",\"target\":{\"@type\":\"EntryPoint\",\"urlTemplate\":\"https:\/\/www.meblewip.pl\/?s={search_term_string}\"},\"query-input\":{\"@type\":\"PropertyValueSpecification\",\"valueRequired\":true,\"valueName\":\"search_term_string\"}}],\"inLanguage\":\"pl-PL\"},{\"@type\":\"Organization\",\"@id\":\"https:\/\/www.meblewip.pl\/#organization\",\"name\":\"Meble WiP\",\"url\":\"https:\/\/www.meblewip.pl\/\",\"logo\":{\"@type\":\"ImageObject\",\"inLanguage\":\"pl-PL\",\"@id\":\"https:\/\/www.meblewip.pl\/#\/schema\/logo\/image\/\",\"url\":\"https:\/\/www.meblewip.pl\/wp-content\/uploads\/2020\/09\/cropped-logopng-2.png\",\"contentUrl\":\"https:\/\/www.meblewip.pl\/wp-content\/uploads\/2020\/09\/cropped-logopng-2.png\",\"width\":6933,\"height\":6031,\"caption\":\"Meble WiP\"},\"image\":{\"@id\":\"https:\/\/www.meblewip.pl\/#\/schema\/logo\/image\/\"},\"sameAs\":[\"https:\/\/www.facebook.com\/MebleWiP\"]}]}<\/script>\n<!-- \/ Yoast SEO plugin. -->","yoast_head_json":{"title":"Garderoby - Meble WiP","robots":{"index":"index","follow":"follow","max-snippet":"max-snippet:-1","max-image-preview":"max-image-preview:large","max-video-preview":"max-video-preview:-1"},"canonical":"https:\/\/www.meblewip.pl\/index.php\/garderoby\/","og_locale":"pl_PL","og_type":"article","og_title":"Garderoby - Meble WiP","og_description":"Szeroki wyb\u00f3r p\u00f3\u0142ek, szuflad, dr\u0105\u017ck\u00f3w oraz akcesori\u00f3w meblowych.","og_url":"https:\/\/www.meblewip.pl\/index.php\/garderoby\/","og_site_name":"Meble WiP","article_publisher":"https:\/\/www.facebook.com\/MebleWiP","article_modified_time":"2020-11-15T21:33:33+00:00","twitter_card":"summary_large_image","schema":{"@context":"https:\/\/schema.org","@graph":[{"@type":"WebPage","@id":"https:\/\/www.meblewip.pl\/index.php\/garderoby\/","url":"https:\/\/www.meblewip.pl\/index.php\/garderoby\/","name":"Garderoby - Meble WiP","isPartOf":{"@id":"https:\/\/www.meblewip.pl\/#website"},"datePublished":"2020-11-08T14:26:01+00:00","dateModified":"2020-11-15T21:33:33+00:00","breadcrumb":{"@id":"https:\/\/www.meblewip.pl\/index.php\/garderoby\/#breadcrumb"},"inLanguage":"pl-PL","potentialAction":[{"@type":"ReadAction","target":["https:\/\/www.meblewip.pl\/index.php\/garderoby\/"]}]},{"@type":"BreadcrumbList","@id":"https:\/\/www.meblewip.pl\/index.php\/garderoby\/#breadcrumb","itemListElement":[{"@type":"ListItem","position":1,"name":"Strona g\u0142\u00f3wna","item":"https:\/\/www.meblewip.pl\/"},{"@type":"ListItem","position":2,"name":"Garderoby"}]},{"@type":"WebSite","@id":"https:\/\/www.meblewip.pl\/#website","url":"https:\/\/www.meblewip.pl\/","name":"Meble WiP - Meble na wymiar","description":"Meble na wymiar","publisher":{"@id":"https:\/\/www.meblewip.pl\/#organization"},"potentialAction":[{"@type":"SearchAction","target":{"@type":"EntryPoint","urlTemplate":"https:\/\/www.meblewip.pl\/?s={search_term_string}"},"query-input":{"@type":"PropertyValueSpecification","valueRequired":true,"valueName":"search_term_string"}}],"inLanguage":"pl-PL"},{"@type":"Organization","@id":"https:\/\/www.meblewip.pl\/#organization","name":"Meble WiP","url":"https:\/\/www.meblewip.pl\/","logo":{"@type":"ImageObject","inLanguage":"pl-PL","@id":"https:\/\/www.meblewip.pl\/#\/schema\/logo\/image\/","url":"https:\/\/www.meblewip.pl\/wp-content\/uploads\/2020\/09\/cropped-logopng-2.png","contentUrl":"https:\/\/www.meblewip.pl\/wp-content\/uploads\/2020\/09\/cropped-logopng-2.png","width":6933,"height":6031,"caption":"Meble WiP"},"image":{"@id":"https:\/\/www.meblewip.pl\/#\/schema\/logo\/image\/"},"sameAs":["https:\/\/www.facebook.com\/MebleWiP"]}]}},"_links":{"self":[{"href":"https:\/\/www.meblewip.pl\/index.php\/wp-json\/wp\/v2\/pages\/1572","targetHints":{"allow":["GET"]}}],"collection":[{"href":"https:\/\/www.meblewip.pl\/index.php\/wp-json\/wp\/v2\/pages"}],"about":[{"href":"https:\/\/www.meblewip.pl\/index.php\/wp-json\/wp\/v2\/types\/page"}],"author":[{"embeddable":true,"href":"https:\/\/www.meblewip.pl\/index.php\/wp-json\/wp\/v2\/users\/1"}],"replies":[{"embeddable":true,"href":"https:\/\/www.meblewip.pl\/index.php\/wp-json\/wp\/v2\/comments?post=1572"}],"version-history":[{"count":8,"href":"https:\/\/www.meblewip.pl\/index.php\/wp-json\/wp\/v2\/pages\/1572\/revisions"}],"predecessor-version":[{"id":2063,"href":"https:\/\/www.meblewip.pl\/index.php\/wp-json\/wp\/v2\/pages\/1572\/revisions\/2063"}],"wp:attachment":[{"href":"https:\/\/www.meblewip.pl\/index.php\/wp-json\/wp\/v2\/media?parent=1572"}],"curies":[{"name":"wp","href":"https:\/\/api.w.org\/{rel}","templated":true}]}}